{"id":2190,"date":"2017-01-18T01:50:44","date_gmt":"2017-01-18T00:50:44","guid":{"rendered":"http:\/\/zabrodzka.com\/?page_id=2190"},"modified":"2026-05-08T15:30:36","modified_gmt":"2026-05-08T13:30:36","slug":"o-mnie","status":"publish","type":"page","link":"https:\/\/zabrodzka.com\/?page_id=2190","title":{"rendered":"O mnie"},"content":{"rendered":"<p>Zjawisko lustrzanego odbicia obrazu od zawsze fascynowa\u0142o artyst\u00f3w i sk\u0142ania\u0142o ich do refleksji na temat odzwierciedlania rzeczywisto\u015bci. Zagadnienie to jest mi szczeg\u00f3lnie bliskie ze wzgl\u0119du na tematyk\u0119 moich obraz\u00f3w, kt\u00f3rych motywem s\u0105 pejza\u017ce z motywem wody. P\u0142aska powierzchnia lustra jeziora, stawu czy rzeki odbijaj\u0105ca pejza\u017c, tworzy nowe \u015bwiaty, daje mo\u017cliwo\u015b\u0107 w\u0142\u0105czenia w malarsk\u0105 rzeczywisto\u015b\u0107 jej w\u0142asnego powt\u00f3rzenia. Tworzy si\u0119 swoisty paradoks: lustro czy woda \u2013 to odbijaj\u0105ce \u015bwiat p\u0142askie powierzchnie, kt\u00f3re maj\u0105 zobowi\u0105zania w czasie wzgl\u0119dem rzeczywisto\u015bci, w przeciwie\u0144stwie do obrazu, kt\u00f3re takich zobowi\u0105za\u0144 nie posiada. Lustro jest w sztuce starym, wymownym, wieloznaczeniowym motywem, a jego symbolika jest nies\u0142ychanie bogata.<\/p>\n<p class=\"western\">Motyw lustra jest wa\u017cny i bliski tak\u017ce dla mnie, dlatego znalaz\u0142 si\u0119 w moich tw\u00f3rczych poszukiwaniach. Pojawia si\u0119 w moim malarstwie w postaci powierzchni stawu, jeziora czy nawet ka\u0142u\u017cy. Tafla wody w naturze, to \u017cywio\u0142 nieustannie podlegaj\u0105cy zmianie, przeobra\u017ceniom. Zmienia si\u0119 tak\u017ce odbijaj\u0105ca si\u0119 w niej przyroda. Maluj\u0105c, staram si\u0119 uchwyci\u0107 t\u0119 ulotno\u015b\u0107, zatrzyma\u0107 lustrzany, ruchliwy, zmienny \u017cywio\u0142. Moje pejza\u017ce s\u0105 poniek\u0105d arkadyjskim obrazem \u015bwiata, s\u0105 odpowiedzi\u0105 na moje romantyczne t\u0119sknoty. S\u0105 tak\u017ce refleksami, odbiciami moich wspomnie\u0144, w kt\u00f3rych pragn\u0119 oddawa\u0107 atmosfer\u0119 niesamowito\u015bci, tajemniczo\u015bci, intymno\u015b\u0107 prze\u017cytych chwil. Odbicie w tafli wody symbolizuje wi\u0119c w moim malarstwie kontakt z przesz\u0142o\u015bci\u0105 i jednocze\u015bnie ze \u015bwiatem marze\u0144, w kt\u00f3rym nie ma ogranicze\u0144. Staje si\u0119 moim osobistym narz\u0119dziem samopoznania.<\/p>\n<p>&nbsp;<\/p>\n<p>Edukacja:<\/p>\n<p>Urodzona w 1989 roku w Warszawie. W latach 2004 &#8211; 2010 bra\u0142a udzia\u0142 w lekcje rysunku i malarstwa w Fundacji Atelier Foksal w Warszawie. Od 2010 roku studiowa\u0142a na Wydziale Malarstwa Akademii Sztuk Pi\u0119knych w Warszawie. Od 2011 do 2015 roku nale\u017ca\u0142a do pracowni malarstwa prof Stanisa\u0142aw Baj Arkadiusz Karapuda i dr. Arkadiusza Karapudy<\/p>\n<p>Wystawy indywidualne:<\/p>\n<p>w 2012 roku &#8220;Wakacyjna Mi\u0142o\u015b\u0107&#8221; w Akademii Sztuk Pi\u0119knych w Warszawie<br \/>\nw 2013 roku, &#8220;Malarstwo&#8221; w Izbie Radc\u00f3w Prawnych w Warszawie.<br \/>\nw 2015 roku &#8220;Odbicie&#8221; w Staromiejskim Domu Kultury w Warszawie<br \/>\nw 2024 roku &#8220;Desa Modern. Spotkania ze Sztuk\u0105 w Elektrowni Powi\u015ble: Agnieszka Zabrodzka&#8221; w Elektrowni Powi\u015ble w Warszawie<br \/>\nw 2025 roku \u201eW Zaczarowanym Lesie\u201d w Desa Unicum w Warszawie<\/p>\n<p>Wystawy zbiorowe:<\/p>\n<p>w 2012 roku &#8220;\u015alepy Telefon&#8221; na Akademii Sztuk Pi\u0119knych w Warszawie, &#8220;Gdzie jest brat tw\u00f3j?&#8221; w ko\u015bciele \u015bw. Tr\u00f3jcy w Warszawie<br \/>\nw 2013 roku Wystawa &#8220;Cisza&#8221; Galerii Wystawa w Warszawie, &#8220;Gra&#8221;, &#8220;Kontekst&#8221; w Akademii Sztuk Pi\u0119knych w Warszawie &#8220;,&#8221; Chcemy tu by\u0107 &#8220;na Akademii Sztuk Pi\u0119knych w Warszawie,&#8221; S\u0142owo &#8220;w ko\u015bciele \u015bw. Tr\u00f3jcy w Warszawie<br \/>\nw 2014 roku &#8220;Malarstwo3&#8221; Galeria Du\u017cy Pok\u00f3j w Galerii w Warszawie, &#8220;Dynamizm, r\u00f3wnowaga, r\u00f3\u017cnorodno\u015b\u0107&#8221; w ko\u015bciele \u015bw. Tr\u00f3jcy w Warszawie, &#8220;Kunstenaar in progess&#8221; i &#8220;Alles is een zelfportret&#8221; w Art &amp; Jazz washboard Cafe w Antwerpii, w Belgii<br \/>\nw 2015 roku &#8220;Na bia\u0142o w Podlaskiej&#8221; w Galerii Bia\u0142a Podlaska, &#8220;Promotion project young art 2015&#8221; w Galerii Zulauf w Freinsheim w Niemczech<br \/>\nw 2016 roku &#8220;Malarstwo&#8221; w Colliers Ofiice Gallery w Warszawie, &#8220;Salon letni&#8221; w Galerii Promocyjnej w Warszawie,<br \/>\nw 2017 roku &#8220;Az egyed\u00fcll\u00e9t k\u00e1pr\u00e1zat&#8221; w Galerii Latarka w Budapeszcie, na W\u0119grzech<br \/>\nw 2019 roku \u201eW d\u017cungli\u201d, w galerii Agra Art. NOVA, w Warszawie<br \/>\nw 2024 roku \u201eArtshow\u201d w Kamienicy Karskich, w Warszawie<\/p>\n<p>&nbsp;<\/p>\n<p>Publikacje (poza katalogami wystaw):<\/p>\n<p>Magazyn K-MAG &#8220;Niepokojace zjawisko lustrzanego odbicia w obrazach m\u0142odej artystki &#8211; w galerii Promocyjnej rozpoczyna si\u0119 wystawa&#8221; Odbicie&#8221; 2015r<\/p>\n<p><a href=\"https:\/\/www.weranda.pl\/sztuka-zycia\/artysci\/malarstwo-agnieszki-zabrodzkiej\">Magazyn Weranda artyku\u0142 &#8220;Z duchem&#8230; lasu&#8221;, 2024 Warszawa, ISSN 1641-1382<\/a><\/p>\n<p>TVP1 Teleekspress, wywiad, odcinek 16.06.2024 17:00<\/p>\n<p><a href=\"https:\/\/artstoheartsproject.com\/agnieszka-zabrodzka-art-begins-simply\/\">artstoheartsproject.com &#8220;Bike, Lake, Basket, Paints! Sometimes Your Whole Career Starts That Simply&#8221;, 2026<\/a><\/p>\n<p><a href=\"https:\/\/projekt.gazeta.pl\/magazyn-projekt\/7,200277,32695783,mam-wrazenie-ze-to-obraz-prowadzi-mnie-a-nie-ja-jego.html\">projekt.gazeta.pl,\u00a0&#8220;Mam wra\u017cenie, \u017ce to obraz prowadzi mnie, a nie ja jego&#8221;, 2026<\/a><\/p>\n","protected":false},"excerpt":{"rendered":"<p>Zjawisko lustrzanego odbicia obrazu od zawsze fascynowa\u0142o artyst\u00f3w i sk\u0142ania\u0142o ich do refleksji na temat odzwierciedlania rzeczywisto\u015bci. Zagadnienie to jest mi szczeg\u00f3lnie bliskie ze wzgl\u0119du na tematyk\u0119 moich obraz\u00f3w, kt\u00f3rych motywem s\u0105 pejza\u017ce z motywem wody. P\u0142aska powierzchnia lustra jeziora, stawu czy rzeki odbijaj\u0105ca pejza\u017c, tworzy nowe \u015bwiaty, daje mo\u017cliwo\u015b\u0107 w\u0142\u0105czenia w malarsk\u0105 rzeczywisto\u015b\u0107 jej [&hellip;]<\/p>\n","protected":false},"author":1,"featured_media":0,"parent":0,"menu_order":0,"comment_status":"closed","ping_status":"closed","template":"","meta":[],"categories":[],"tags":[],"_links":{"self":[{"href":"https:\/\/zabrodzka.com\/index.php?rest_route=\/wp\/v2\/pages\/2190"}],"collection":[{"href":"https:\/\/zabrodzka.com\/index.php?rest_route=\/wp\/v2\/pages"}],"about":[{"href":"https:\/\/zabrodzka.com\/index.php?rest_route=\/wp\/v2\/types\/page"}],"author":[{"embeddable":true,"href":"https:\/\/zabrodzka.com\/index.php?rest_route=\/wp\/v2\/users\/1"}],"replies":[{"embeddable":true,"href":"https:\/\/zabrodzka.com\/index.php?rest_route=%2Fwp%2Fv2%2Fcomments&post=2190"}],"version-history":[{"count":8,"href":"https:\/\/zabrodzka.com\/index.php?rest_route=\/wp\/v2\/pages\/2190\/revisions"}],"predecessor-version":[{"id":2558,"href":"https:\/\/zabrodzka.com\/index.php?rest_route=\/wp\/v2\/pages\/2190\/revisions\/2558"}],"wp:attachment":[{"href":"https:\/\/zabrodzka.com\/index.php?rest_route=%2Fwp%2Fv2%2Fmedia&parent=2190"}],"wp:term":[{"taxonomy":"category","embeddable":true,"href":"https:\/\/zabrodzka.com\/index.php?rest_route=%2Fwp%2Fv2%2Fcategories&post=2190"},{"taxonomy":"post_tag","embeddable":true,"href":"https:\/\/zabrodzka.com\/index.php?rest_route=%2Fwp%2Fv2%2Ftags&post=2190"}],"curies":[{"name":"wp","href":"https:\/\/api.w.org\/{rel}","templated":true}]}}